{"id":671,"date":"2026-03-11T19:13:00","date_gmt":"2026-03-11T18:13:00","guid":{"rendered":"https:\/\/www.bm-logistik.ch\/?page_id=671"},"modified":"2026-03-12T11:04:41","modified_gmt":"2026-03-12T10:04:41","slug":"aktuelles-2","status":"publish","type":"page","link":"https:\/\/www.bm-logistik.ch\/?page_id=671","title":{"rendered":"Aktuelles"},"content":{"rendered":"<section class=\"l-section wpb_row us_custom_f1424668 height_medium\"><div class=\"l-section-h i-cf\"><div class=\"g-cols vc_row via_grid cols_1 laptops-cols_inherit tablets-cols_inherit mobiles-cols_1 valign_top type_default stacking_default\"><div class=\"wpb_column vc_column_container\"><div class=\"vc_column-inner\"><div class=\"wpb_text_column us_custom_72fc42ef\"><div class=\"wpb_wrapper\"><h3>Elektrofahrzeuge<\/h3>\n<\/div><\/div><div class=\"wpb_text_column us_custom_72fc42ef\"><div class=\"wpb_wrapper\"><p>Mit 4 Elektrofahrzeugen in unserem Fuhrpark und damit einer Akkukapazit\u00e4t von total 400 KW fahren wir t\u00e4glich um die 1000 Kilometer vollelektrisch.<\/p>\n<p>Bereits jetzt werden 30 % des Stromverbrauchs f\u00fcr die Elektrofahrzeuge mit der Hauseigenen Solaranlage produziert. Die Elektrofahrzeuge beweisen sich in unseren Berggebieten im Wallis und Waadt als \u00e4u\u00dferst innovativ, da wir knapp 60 % der verbrauchten Energie am Berg wieder rekuperieren und somit auch weniger Verschlei\u00df als beim herk\u00f6mmlichen Verbrennerfahrzeug haben.<\/p>\n<p>Unser Ziel ist es den Fuhrpark bis im Jahr 2030 zu 100% elektrisch zu betreiben.<\/p>\n<\/div><\/div><div class=\"g-cols wpb_row us_custom_876ec165 via_grid cols_2 laptops-cols_inherit tablets-cols_inherit mobiles-cols_1 valign_top type_default stacking_default\" style=\"--columns-gap:3rem;\"><div class=\"wpb_column vc_column_container\"><div class=\"vc_column-inner\"><div class=\"w-image us_custom_8d5aa4e2 align_none\"><div class=\"w-image-h\"><img decoding=\"async\" width=\"768\" height=\"1024\" src=\"https:\/\/www.bm-logistik.ch\/wp-content\/uploads\/2026\/03\/IMG_3102-768x1024.jpg\" class=\"attachment-large size-large\" alt=\"\" loading=\"lazy\" srcset=\"https:\/\/www.bm-logistik.ch\/wp-content\/uploads\/2026\/03\/IMG_3102-768x1024.jpg 768w, https:\/\/www.bm-logistik.ch\/wp-content\/uploads\/2026\/03\/IMG_3102-225x300.jpg 225w, https:\/\/www.bm-logistik.ch\/wp-content\/uploads\/2026\/03\/IMG_3102-scaled.jpg 1920w\" sizes=\"auto, (max-width: 768px) 100vw, 768px\" \/><\/div><\/div><\/div><\/div><div class=\"wpb_column vc_column_container\"><div class=\"vc_column-inner\"><div class=\"w-image us_custom_52c02a77 align_none\"><div class=\"w-image-h\"><img decoding=\"async\" width=\"1024\" height=\"768\" src=\"https:\/\/www.bm-logistik.ch\/wp-content\/uploads\/2026\/03\/IMG_3672-1024x768.jpg\" class=\"attachment-large size-large\" alt=\"\" loading=\"lazy\" srcset=\"https:\/\/www.bm-logistik.ch\/wp-content\/uploads\/2026\/03\/IMG_3672-1024x768.jpg 1024w, https:\/\/www.bm-logistik.ch\/wp-content\/uploads\/2026\/03\/IMG_3672-300x225.jpg 300w\" sizes=\"auto, (max-width: 1024px) 100vw, 1024px\" \/><\/div><\/div><div class=\"w-image us_custom_52c02a77 align_none\"><div class=\"w-image-h\"><img decoding=\"async\" width=\"1024\" height=\"768\" src=\"https:\/\/www.bm-logistik.ch\/wp-content\/uploads\/2026\/03\/IMG_3669-1024x768.jpg\" class=\"attachment-large size-large\" alt=\"\" loading=\"lazy\" srcset=\"https:\/\/www.bm-logistik.ch\/wp-content\/uploads\/2026\/03\/IMG_3669-1024x768.jpg 1024w, https:\/\/www.bm-logistik.ch\/wp-content\/uploads\/2026\/03\/IMG_3669-300x225.jpg 300w\" sizes=\"auto, (max-width: 1024px) 100vw, 1024px\" \/><\/div><\/div><\/div><\/div><\/div><\/div><\/div><\/div><\/div><\/section><section class=\"l-section wpb_row height_medium\"><div class=\"l-section-h i-cf\"><div class=\"g-cols vc_row via_grid cols_1 laptops-cols_inherit tablets-cols_inherit mobiles-cols_1 valign_top type_default stacking_default\"><div class=\"wpb_column vc_column_container\"><div class=\"vc_column-inner\"><div class=\"w-separator size_medium with_line width_default thick_1 style_solid color_secondary align_center\"><div class=\"w-separator-h\"><\/div><\/div><div class=\"wpb_text_column us_custom_72fc42ef\"><div class=\"wpb_wrapper\"><h3>Fahrerschulung 2026<\/h3>\n<\/div><\/div><div class=\"g-cols wpb_row us_custom_876ec165 via_grid cols_2 laptops-cols_inherit tablets-cols_inherit mobiles-cols_1 valign_top type_default stacking_default\" style=\"--columns-gap:3rem;\"><div class=\"wpb_column vc_column_container\"><div class=\"vc_column-inner\"><div class=\"w-image us_custom_8d5aa4e2 align_none\"><div class=\"w-image-h\"><img decoding=\"async\" width=\"1024\" height=\"768\" src=\"https:\/\/www.bm-logistik.ch\/wp-content\/uploads\/2026\/03\/IMG_3683-1024x768.jpg\" class=\"attachment-large size-large\" alt=\"\" loading=\"lazy\" srcset=\"https:\/\/www.bm-logistik.ch\/wp-content\/uploads\/2026\/03\/IMG_3683-1024x768.jpg 1024w, https:\/\/www.bm-logistik.ch\/wp-content\/uploads\/2026\/03\/IMG_3683-300x225.jpg 300w\" sizes=\"auto, (max-width: 1024px) 100vw, 1024px\" \/><\/div><\/div><\/div><\/div><div class=\"wpb_column vc_column_container\"><div class=\"vc_column-inner\"><div class=\"w-image us_custom_52c02a77 align_none\"><div class=\"w-image-h\"><img decoding=\"async\" width=\"1024\" height=\"768\" src=\"https:\/\/www.bm-logistik.ch\/wp-content\/uploads\/2026\/03\/IMG_3679-1024x768.jpg\" class=\"attachment-large size-large\" alt=\"\" loading=\"lazy\" srcset=\"https:\/\/www.bm-logistik.ch\/wp-content\/uploads\/2026\/03\/IMG_3679-1024x768.jpg 1024w, https:\/\/www.bm-logistik.ch\/wp-content\/uploads\/2026\/03\/IMG_3679-300x225.jpg 300w\" sizes=\"auto, (max-width: 1024px) 100vw, 1024px\" \/><\/div><\/div><\/div><\/div><\/div><\/div><\/div><\/div><\/div><\/section><section class=\"l-section wpb_row us_custom_f1424668 height_medium\"><div class=\"l-section-h i-cf\"><div class=\"g-cols vc_row via_grid cols_1 laptops-cols_inherit tablets-cols_inherit mobiles-cols_1 valign_top type_default stacking_default\"><div class=\"wpb_column vc_column_container\"><div class=\"vc_column-inner\"><div class=\"w-separator size_medium with_line width_default thick_1 style_solid color_secondary align_center\"><div class=\"w-separator-h\"><\/div><\/div><div class=\"wpb_text_column us_custom_ca78154c\"><div class=\"wpb_wrapper\"><h3>2 neue eSprinter<\/h3>\n<\/div><\/div><div class=\"wpb_text_column us_custom_ca78154c\"><div class=\"wpb_wrapper\"><p><strong><br \/>\nFolgender Beitrag wurde von der Garage Saurer im Internet publiziert:<\/strong><\/p>\n<p><strong><a href=\"https:\/\/www.facebook.com\/GarageSaurerMercedes?__cft__%5b0%5d=AZWm3MmmZOvPWMDG8M6eRXZk4NkEhurCwxvXJY7aeHUgFw_JbXr5Y205_7wV1zH8vGtOoFGrx8WY5GJiCbsNvVQ-yKlMSbRuswUkzA1GFBrrnu1r6lj7m-Ul0AcYJfnTWwIbmV1iesHMLqR9fRDi3RX-idzqFK6R3yG05qSXk1F5nbja8GQojteWlPaI74H-r2mnGjKrMet3J0mX0Cd1XVLydIBon521VMABPh04KCpEig&amp;__tn__=-UC%2CP-y-R\">Garage Saurer SA Visp<\/a><br \/>\n<\/strong>BM &amp; MB Logistik GMBH<br \/>\nDay and Night 100 % Electric,<br \/>\npowered by Garage Saurer SA<\/p>\n<p>2 neue eSprinter modernisieren bei der BM &amp; MB Logistik GmbH den Fuhrpark,<br \/>\n<strong>1 x eSprinter 320 PRO L2,81 kWh Batteriekapazit\u00e4t<\/strong><br \/>\n<strong>1x eSprinter 420 PRO L3,113 kWh Batteriekapazit\u00e4t<\/strong><\/p>\n<p>Die Fahrzeuge werden jeweils im regionalen Verteilerverkehr eingesetzt und erm\u00f6glichen durch die h\u00f6heren Batteriekapazit\u00e4ten weitere Touren und sehr viel Flexibilit\u00e4t.<br \/>\nEin grosses Dankesch\u00f6n an unseren Kunden f\u00fcr das Vertrauen in unsere Garage, unsere Marke und die gemeinsame Vision einer nachhaltigeren Mobilit\u00e4t. Es freut uns besonders, die BM &amp; MB Logistik GmbH auf Ihrem Weg zur Elektrifizierung des Fuhrparks begleiten zu d\u00fcrfen.<br \/>\nWir w\u00fcnschen der BM &amp; MB Logistik Gmbh in Charrat allzeit gute Fahrt mit den neuen Fahrzeugen \u2013 und vor allem viel Freude an diesem zukunftsweisenden Mobilit\u00e4tskonzept.<\/p>\n<p><a href=\"https:\/\/www.facebook.com\/hashtag\/garagesaurersa?__eep__=6&amp;__cft__%5b0%5d=AZWm3MmmZOvPWMDG8M6eRXZk4NkEhurCwxvXJY7aeHUgFw_JbXr5Y205_7wV1zH8vGtOoFGrx8WY5GJiCbsNvVQ-yKlMSbRuswUkzA1GFBrrnu1r6lj7m-Ul0AcYJfnTWwIbmV1iesHMLqR9fRDi3RX-idzqFK6R3yG05qSXk1F5nbja8GQojteWlPaI74H-r2mnGjKrMet3J0mX0Cd1XVLydIBon521VMABPh04KCpEig&amp;__tn__=*NK-y-R\">#garagesaurersa<\/a>#eSprinter#newtechnology#bmmblogistik#wi\u00e4rsibideliit<\/p>\n<\/div><\/div><div class=\"g-cols wpb_row us_custom_876ec165 via_grid cols_2 laptops-cols_inherit tablets-cols_inherit mobiles-cols_1 valign_top type_default stacking_default\" style=\"--columns-gap:3rem;\"><div class=\"wpb_column vc_column_container\"><div class=\"vc_column-inner\"><div class=\"w-image us_custom_8d5aa4e2 align_none\"><div class=\"w-image-h\"><img decoding=\"async\" width=\"1024\" height=\"768\" src=\"https:\/\/www.bm-logistik.ch\/wp-content\/uploads\/2025\/01\/Sprinter1-1024x768.jpg\" class=\"attachment-large size-large\" alt=\"\" loading=\"lazy\" srcset=\"https:\/\/www.bm-logistik.ch\/wp-content\/uploads\/2025\/01\/Sprinter1-1024x768.jpg 1024w, https:\/\/www.bm-logistik.ch\/wp-content\/uploads\/2025\/01\/Sprinter1-300x225.jpg 300w, https:\/\/www.bm-logistik.ch\/wp-content\/uploads\/2025\/01\/Sprinter1.jpg 1467w\" sizes=\"auto, (max-width: 1024px) 100vw, 1024px\" \/><\/div><\/div><div class=\"w-image align_none\"><div class=\"w-image-h\"><img decoding=\"async\" width=\"1024\" height=\"768\" src=\"https:\/\/www.bm-logistik.ch\/wp-content\/uploads\/2025\/01\/Sprinter2-1024x768.jpg\" class=\"attachment-large size-large\" alt=\"\" loading=\"lazy\" srcset=\"https:\/\/www.bm-logistik.ch\/wp-content\/uploads\/2025\/01\/Sprinter2-1024x768.jpg 1024w, https:\/\/www.bm-logistik.ch\/wp-content\/uploads\/2025\/01\/Sprinter2-300x225.jpg 300w, https:\/\/www.bm-logistik.ch\/wp-content\/uploads\/2025\/01\/Sprinter2.jpg 1467w\" sizes=\"auto, (max-width: 1024px) 100vw, 1024px\" \/><\/div><\/div><\/div><\/div><div class=\"wpb_column vc_column_container\"><div class=\"vc_column-inner\"><div class=\"w-image us_custom_52c02a77 align_none\"><div class=\"w-image-h\"><img decoding=\"async\" width=\"1024\" height=\"578\" src=\"https:\/\/www.bm-logistik.ch\/wp-content\/uploads\/2025\/01\/SprinterX1-1024x578.jpg\" class=\"attachment-large size-large\" alt=\"\" loading=\"lazy\" srcset=\"https:\/\/www.bm-logistik.ch\/wp-content\/uploads\/2025\/01\/SprinterX1-1024x578.jpg 1024w, https:\/\/www.bm-logistik.ch\/wp-content\/uploads\/2025\/01\/SprinterX1-300x169.jpg 300w, https:\/\/www.bm-logistik.ch\/wp-content\/uploads\/2025\/01\/SprinterX1.jpg 1235w\" sizes=\"auto, (max-width: 1024px) 100vw, 1024px\" \/><\/div><\/div><div class=\"w-image us_custom_52c02a77 align_none\"><div class=\"w-image-h\"><img decoding=\"async\" width=\"1024\" height=\"587\" src=\"https:\/\/www.bm-logistik.ch\/wp-content\/uploads\/2025\/01\/SprinterX2-1024x587.jpg\" class=\"attachment-large size-large\" alt=\"\" loading=\"lazy\" srcset=\"https:\/\/www.bm-logistik.ch\/wp-content\/uploads\/2025\/01\/SprinterX2-1024x587.jpg 1024w, https:\/\/www.bm-logistik.ch\/wp-content\/uploads\/2025\/01\/SprinterX2-300x172.jpg 300w, https:\/\/www.bm-logistik.ch\/wp-content\/uploads\/2025\/01\/SprinterX2.jpg 1467w\" sizes=\"auto, (max-width: 1024px) 100vw, 1024px\" \/><\/div><\/div><div class=\"w-image us_custom_52c02a77 align_none\"><div class=\"w-image-h\"><img decoding=\"async\" width=\"1024\" height=\"539\" src=\"https:\/\/www.bm-logistik.ch\/wp-content\/uploads\/2025\/01\/SprinterX3-1024x539.jpg\" class=\"attachment-large size-large\" alt=\"\" loading=\"lazy\" srcset=\"https:\/\/www.bm-logistik.ch\/wp-content\/uploads\/2025\/01\/SprinterX3-1024x539.jpg 1024w, https:\/\/www.bm-logistik.ch\/wp-content\/uploads\/2025\/01\/SprinterX3-300x158.jpg 300w, https:\/\/www.bm-logistik.ch\/wp-content\/uploads\/2025\/01\/SprinterX3.jpg 1259w\" sizes=\"auto, (max-width: 1024px) 100vw, 1024px\" \/><\/div><\/div><\/div><\/div><\/div><\/div><\/div><\/div><\/div><\/section><section class=\"l-section wpb_row us_custom_f1424668 height_medium\"><div class=\"l-section-h i-cf\"><div class=\"g-cols vc_row via_grid cols_1 laptops-cols_inherit tablets-cols_inherit mobiles-cols_1 valign_top type_default stacking_default\"><div class=\"wpb_column vc_column_container\"><div class=\"vc_column-inner\"><div class=\"w-separator size_medium with_line width_default thick_1 style_solid color_secondary align_center\"><div class=\"w-separator-h\"><\/div><\/div><div class=\"wpb_text_column us_custom_ca78154c\"><div class=\"wpb_wrapper\"><h3>Bei Wind und Wetter &#8211; 24 Stunden &#8211; 7 Tage die Woche<\/h3>\n<\/div><\/div><div class=\"g-cols wpb_row us_custom_876ec165 via_grid cols_4 laptops-cols_inherit tablets-cols_inherit mobiles-cols_1 valign_top type_default stacking_default\" style=\"--columns-gap:3rem;\"><div class=\"wpb_column vc_column_container\"><div class=\"vc_column-inner\"><div class=\"w-image align_none\"><div class=\"w-image-h\"><img decoding=\"async\" width=\"768\" height=\"1024\" src=\"https:\/\/www.bm-logistik.ch\/wp-content\/uploads\/2023\/06\/WiWe1.jpg\" class=\"attachment-large size-large\" alt=\"\" loading=\"lazy\" \/><\/div><\/div><\/div><\/div><div class=\"wpb_column vc_column_container\"><div class=\"vc_column-inner\"><div class=\"w-image align_none\"><div class=\"w-image-h\"><img decoding=\"async\" width=\"768\" height=\"1024\" src=\"https:\/\/www.bm-logistik.ch\/wp-content\/uploads\/2023\/06\/WiWe2.jpg\" class=\"attachment-large size-large\" alt=\"\" loading=\"lazy\" \/><\/div><\/div><\/div><\/div><div class=\"wpb_column vc_column_container\"><div class=\"vc_column-inner\"><div class=\"w-image align_none\"><div class=\"w-image-h\"><img decoding=\"async\" width=\"1024\" height=\"768\" src=\"https:\/\/www.bm-logistik.ch\/wp-content\/uploads\/2023\/06\/WiWe3.jpg\" class=\"attachment-large size-large\" alt=\"\" loading=\"lazy\" \/><\/div><\/div><\/div><\/div><div class=\"wpb_column vc_column_container\"><div class=\"vc_column-inner\"><div class=\"w-image align_none\"><div class=\"w-image-h\"><img decoding=\"async\" width=\"768\" height=\"1024\" src=\"https:\/\/www.bm-logistik.ch\/wp-content\/uploads\/2023\/06\/WiWe4.jpg\" class=\"attachment-large size-large\" alt=\"\" loading=\"lazy\" \/><\/div><\/div><\/div><\/div><\/div><\/div><\/div><\/div><\/div><\/section><section class=\"l-section wpb_row us_custom_f1424668 height_medium\"><div class=\"l-section-h i-cf\"><div class=\"g-cols vc_row via_grid cols_1 laptops-cols_inherit tablets-cols_inherit mobiles-cols_1 valign_top type_default stacking_default\"><div class=\"wpb_column vc_column_container\"><div class=\"vc_column-inner\"><div class=\"w-separator size_medium with_line width_default thick_1 style_solid color_secondary align_center\"><div class=\"w-separator-h\"><\/div><\/div><div class=\"wpb_text_column us_custom_ca78154c\"><div class=\"wpb_wrapper\"><h3>Einj\u00e4hriges Jubil\u00e4um Elektrofahrzeug<\/h3>\n<\/div><\/div><div class=\"g-cols wpb_row us_custom_876ec165 via_grid cols_1-3 laptops-cols_inherit tablets-cols_inherit mobiles-cols_1 valign_top type_default stacking_default\" style=\"--columns-gap:3rem;\"><div class=\"wpb_column vc_column_container\"><div class=\"vc_column-inner\"><div class=\"w-image align_none\"><div class=\"w-image-h\"><img decoding=\"async\" width=\"1210\" height=\"1613\" src=\"https:\/\/www.bm-logistik.ch\/wp-content\/uploads\/2023\/06\/IMG_9083_40.jpg\" class=\"attachment-full size-full\" alt=\"\" loading=\"lazy\" \/><\/div><\/div><\/div><\/div><div class=\"wpb_column vc_column_container\"><div class=\"vc_column-inner\"><div class=\"wpb_text_column\"><div class=\"wpb_wrapper\"><h4>Bilanz:<\/h4>\n<ul>\n<li>55 000 km elektrisch \u26a1\ufe0f<\/li>\n<li>5000 Liter Ersparnis gegen\u00fcber Verbrennungsmotor<\/li>\n<li>Sehr geringer Verschleiss (geringer Werkstattaufenthalt)<\/li>\n<li>Entspanntes fahren ohne Ger\u00e4uschkulisse vom Verbrennungsmotor<\/li>\n<li>Co 2 freie Energie \u26a1\ufe0fvom Hallendach<\/li>\n<\/ul>\n<h4>Ergebnis:<\/h4>\n<p>Win Win Situation f\u00fcr Klima, Fahrer und Firma<\/p>\n<\/div><\/div><\/div><\/div><\/div><\/div><\/div><\/div><\/div><\/section><section class=\"l-section wpb_row us_custom_f1424668 height_medium\"><div class=\"l-section-h i-cf\"><div class=\"g-cols vc_row via_grid cols_1 laptops-cols_inherit tablets-cols_inherit mobiles-cols_1 valign_top type_default stacking_default\"><div class=\"wpb_column vc_column_container\"><div class=\"vc_column-inner\"><div class=\"w-separator size_medium with_line width_default thick_1 style_solid color_secondary align_center\"><div class=\"w-separator-h\"><\/div><\/div><div class=\"wpb_text_column us_custom_ca78154c\"><div class=\"wpb_wrapper\"><h3>Testdrive Mercedes Benz Actross Elektrik<\/h3>\n<\/div><\/div><div class=\"g-cols wpb_row us_custom_72fc42ef via_grid cols_4 laptops-cols_inherit tablets-cols_inherit mobiles-cols_1 valign_top type_default stacking_default\" style=\"--columns-gap:3rem;\"><div class=\"wpb_column vc_column_container\"><div class=\"vc_column-inner\"><div class=\"w-image align_none\"><div class=\"w-image-h\"><img decoding=\"async\" width=\"1152\" height=\"2048\" src=\"https:\/\/www.bm-logistik.ch\/wp-content\/uploads\/2023\/06\/8ef8fd09-e110-4230-a196-d7901ce20334.jpg\" class=\"attachment-full size-full\" alt=\"\" loading=\"lazy\" \/><\/div><\/div><\/div><\/div><div class=\"wpb_column vc_column_container\"><div class=\"vc_column-inner\"><div class=\"w-image align_none\"><div class=\"w-image-h\"><img decoding=\"async\" width=\"576\" height=\"1024\" src=\"https:\/\/www.bm-logistik.ch\/wp-content\/uploads\/2023\/06\/24B7A310-F4BB-4F91-BD6A-5E6E239DFC99_40.jpg\" class=\"attachment-large size-large\" alt=\"\" loading=\"lazy\" \/><\/div><\/div><\/div><\/div><div class=\"wpb_column vc_column_container\"><div class=\"vc_column-inner\"><div class=\"wpb_text_column\"><div class=\"wpb_wrapper\"><p>Nach drei Tagen im Alltagstest steht f\u00fcr uns fest, dass das Fahrzeug im Nahverkehr vollumf\u00e4nglich eingesetzt werden kann und durch den Elektroantrieb keinerlei Nachteile entstehen.<\/p>\n<\/div><\/div><\/div><\/div><\/div><\/div><\/div><\/div><\/div><\/section>\n","protected":false},"excerpt":{"rendered":"Elektrofahrzeuge Mit 4 Elektrofahrzeugen in unserem Fuhrpark und damit einer Akkukapazit\u00e4t von total 400 KW fahren wir t\u00e4glich um die 1000 Kilometer vollelektrisch. Bereits jetzt werden 30 % des Stromverbrauchs f\u00fcr die Elektrofahrzeuge mit der Hauseigenen Solaranlage produziert. Die Elektrofahrzeuge beweisen sich in unseren Berggebieten im Wallis und Waadt als \u00e4u\u00dferst innovativ, da wir knapp...","protected":false},"author":1,"featured_media":0,"parent":0,"menu_order":0,"comment_status":"closed","ping_status":"closed","template":"","meta":{"footnotes":""},"class_list":["post-671","page","type-page","status-publish","hentry"],"_links":{"self":[{"href":"https:\/\/www.bm-logistik.ch\/index.php?rest_route=\/wp\/v2\/pages\/671","targetHints":{"allow":["GET"]}}],"collection":[{"href":"https:\/\/www.bm-logistik.ch\/index.php?rest_route=\/wp\/v2\/pages"}],"about":[{"href":"https:\/\/www.bm-logistik.ch\/index.php?rest_route=\/wp\/v2\/types\/page"}],"author":[{"embeddable":true,"href":"https:\/\/www.bm-logistik.ch\/index.php?rest_route=\/wp\/v2\/users\/1"}],"replies":[{"embeddable":true,"href":"https:\/\/www.bm-logistik.ch\/index.php?rest_route=%2Fwp%2Fv2%2Fcomments&post=671"}],"version-history":[{"count":19,"href":"https:\/\/www.bm-logistik.ch\/index.php?rest_route=\/wp\/v2\/pages\/671\/revisions"}],"predecessor-version":[{"id":691,"href":"https:\/\/www.bm-logistik.ch\/index.php?rest_route=\/wp\/v2\/pages\/671\/revisions\/691"}],"wp:attachment":[{"href":"https:\/\/www.bm-logistik.ch\/index.php?rest_route=%2Fwp%2Fv2%2Fmedia&parent=671"}],"curies":[{"name":"wp","href":"https:\/\/api.w.org\/{rel}","templated":true}]}}