{"id":537,"date":"2023-07-19T14:14:43","date_gmt":"2023-07-19T12:14:43","guid":{"rendered":"https:\/\/sub8.bm-logistik.ch\/?page_id=537"},"modified":"2023-08-14T15:35:35","modified_gmt":"2023-08-14T13:35:35","slug":"impressum","status":"publish","type":"page","link":"https:\/\/www.bm-logistik.ch\/?page_id=537","title":{"rendered":"Impressum"},"content":{"rendered":"<h3>Impressum<\/h3>\n<h3><strong>Adresse<\/strong><\/h3>\n<p><strong>BM&amp;MB-Logistik GmbH<\/strong><\/p>\n<p>Avenue des Ch\u00eanes 95<br \/>\nCH 1906 Charrat<\/p>\n<p>Switzerland<\/p>\n<h3><strong>Kontakt<\/strong><\/h3>\n<p><a href=\"mailto:info@bm-logistik.ch\">info@bm-logistik.ch<\/a><br \/>\n027 746 5166<\/p>\n<h3><strong>Vertretungsberechtigte Personen<br \/>\n<\/strong><\/h3>\n<p>Mario Bermeitinger, Gesch\u00e4ftsf\u00fchrer<br \/>\nMarga Bermeitinger, Gesch\u00e4ftsf\u00fchrerin<\/p>\n<h3><strong>Handelsregister<\/strong><\/h3>\n<p>Eingetragener Name: <strong>BM&amp;MB-Logistik GmbH<\/strong><br \/>\nUID: CHE-222.372.592<\/p>\n","protected":false},"excerpt":{"rendered":"<p>Impressum Adresse BM&amp;MB-Logistik GmbH Avenue des Ch\u00eanes 95 CH 1906 Charrat Switzerland Kontakt info@bm-logistik.ch 027 746 5166 Vertretungsberechtigte Personen Mario Bermeitinger, Gesch\u00e4ftsf\u00fchrer Marga Bermeitinger, Gesch\u00e4ftsf\u00fchrerin Handelsregister Eingetragener Name: BM&amp;MB-Logistik GmbH UID: CHE-222.372.592<\/p>\n","protected":false},"author":1,"featured_media":0,"parent":0,"menu_order":0,"comment_status":"closed","ping_status":"open","template":"","meta":{"footnotes":""},"class_list":["post-537","page","type-page","status-publish","hentry"],"_links":{"self":[{"href":"https:\/\/www.bm-logistik.ch\/index.php?rest_route=\/wp\/v2\/pages\/537","targetHints":{"allow":["GET"]}}],"collection":[{"href":"https:\/\/www.bm-logistik.ch\/index.php?rest_route=\/wp\/v2\/pages"}],"about":[{"href":"https:\/\/www.bm-logistik.ch\/index.php?rest_route=\/wp\/v2\/types\/page"}],"author":[{"embeddable":true,"href":"https:\/\/www.bm-logistik.ch\/index.php?rest_route=\/wp\/v2\/users\/1"}],"replies":[{"embeddable":true,"href":"https:\/\/www.bm-logistik.ch\/index.php?rest_route=%2Fwp%2Fv2%2Fcomments&post=537"}],"version-history":[{"count":3,"href":"https:\/\/www.bm-logistik.ch\/index.php?rest_route=\/wp\/v2\/pages\/537\/revisions"}],"predecessor-version":[{"id":590,"href":"https:\/\/www.bm-logistik.ch\/index.php?rest_route=\/wp\/v2\/pages\/537\/revisions\/590"}],"wp:attachment":[{"href":"https:\/\/www.bm-logistik.ch\/index.php?rest_route=%2Fwp%2Fv2%2Fmedia&parent=537"}],"curies":[{"name":"wp","href":"https:\/\/api.w.org\/{rel}","templated":true}]}}