{"id":535,"date":"2023-07-19T14:12:45","date_gmt":"2023-07-19T12:12:45","guid":{"rendered":"https:\/\/sub8.bm-logistik.ch\/?page_id=535"},"modified":"2023-07-19T14:12:45","modified_gmt":"2023-07-19T12:12:45","slug":"datenschutzerklaerung-2","status":"publish","type":"page","link":"https:\/\/www.bm-logistik.ch\/?page_id=535","title":{"rendered":"Datenschutzerkl\u00e4rung"},"content":{"rendered":"<h3>Datenschutzerkl\u00e4rung<\/h3>\n<p>BM&amp;MB-Logistik GmbH<br \/>Avenue des Ch\u00eanes 95<br \/>1906 Charrat<br \/>Schweiz<br \/><strong>E-Mail<\/strong>: <a href=\"mailto:info@bm-logistik.ch\">info@bm-logistik.ch<\/a><\/p>\n<p><strong>Vertretungsberechtigte Personen<\/strong><br \/>Mario Bermeitinger + Marga Bermeitinger<\/p>\n<p><strong>Name des Unternehmens<\/strong>: BM&amp;MB-Logistik GmbH<\/p>\n<p><strong>Datenschutzbeauftragte Person:<\/strong><br \/>Mario Bermeitinger<br \/>027 746 5166<br \/><a href=\"mailto:bermeitinger.mario@bm-logistik.ch\">bermeitinger.mario@bm-logistik.ch<\/a><\/p>\n<p><strong>Allgemeines \/ Einleitung<\/strong><br \/>Gest\u00fctzt auf Artikel 13 der Schweizerischen Bundesverfassung und die datenschutzrechtlichen Bestimmungen des Bundes (Datenschutzgesetz, DSG) hat jede Person Anspruch auf Schutz ihrer Privatsph\u00e4re sowie auf Schutz vor Missbrauch ihrer pers\u00f6nlichen Daten. Die Betreiber dieser Seiten nehmen den Schutz Ihrer pers\u00f6nlichen Daten sehr ernst. Wir behandeln Ihre personenbezogenen Daten vertraulich und entsprechend der gesetzlichen Datenschutzvorschriften sowie dieser Datenschutzerkl\u00e4rung.<\/p>\n<p>In Zusammenarbeit mit unseren Hosting-Providern bem\u00fchen wir uns, die Datenbanken so gut wie m\u00f6glich vor unberechtigtem Zugriff, Verlust, Missbrauch oder Verf\u00e4lschung zu sch\u00fctzen.<\/p>\n<p>Wir weisen darauf hin, dass die Daten\u00fcbertragung im Internet (z.B. bei der Kommunikation per E-Mail) Sicherheitsl\u00fccken aufweisen kann. Ein l\u00fcckenloser Schutz der Daten vor dem Zugriff durch Dritte ist nicht m\u00f6glich.<\/p>\n<p>Durch die Nutzung dieser Website erkl\u00e4ren Sie sich mit der Erhebung, Verarbeitung und Nutzung von Daten gem\u00e4ss der nachfolgenden Beschreibung einverstanden. Diese Website kann grunds\u00e4tzlich ohne Registrierung besucht werden. Daten wie aufgerufene Seiten oder Namen von aufgerufenen Dateien, Datum und Uhrzeit werden zu statistischen Zwecken auf dem Server gespeichert, ohne dass diese Daten unmittelbar auf Ihre Person bezogen werden. Soweit auf unseren Seiten personenbezogene Daten (beispielsweise Name, Anschrift oder eMail-Adressen) erhoben werden, erfolgt dies, soweit m\u00f6glich, stets auf freiwilliger Basis. Diese Daten werden ohne Ihre ausdr\u00fcckliche Zustimmung nicht an Dritte weitergegeben.<\/p>\n<p><strong>Verarbeitung personenbezogener Daten<\/strong><br \/>Personenbezogene Daten sind alle Informationen, die sich auf eine identifizierte oder identifizierbare Person beziehen. Eine betroffene Person ist eine Person, \u00fcber die personenbezogene Daten verarbeitet werden. Die Verarbeitung umfasst jeden Umgang mit personenbezogenen Daten, unabh\u00e4ngig von den verwendeten Mitteln und Verfahren, insbesondere die Speicherung, Weitergabe, Beschaffung, L\u00f6schung, Aufbewahrung, Ver\u00e4nderung, Vernichtung und Verwendung personenbezogener Daten.<\/p>\n<p>Wir verarbeiten personenbezogene Daten in \u00dcbereinstimmung mit dem Schweizer Datenschutzrecht. Sofern und soweit die EU-DSGVO anwendbar ist, verarbeiten wir personenbezogene Daten dar\u00fcber hinaus auf folgenden Rechtsgrundlagen in Verbindung mit Art. 6 (1) GDPR:<\/p>\n<ul>\n<li>a) Verarbeitung personenbezogener Daten mit Einwilligung der betroffenen Person.<\/li>\n<li>b) Verarbeitung personenbezogener Daten zur Erf\u00fcllung eines Vertrages mit der betroffenen Person sowie zur Durchf\u00fchrung entsprechender vorvertraglicher Massnahmen.<\/li>\n<li>c) Verarbeitung personenbezogener Daten zur Erf\u00fcllung einer rechtlichen Verpflichtung, der wir nach geltendem Recht der EU oder nach geltendem Recht eines Landes, in dem die GDPR ganz oder teilweise anwendbar ist, unterliegen.<\/li>\n<li>d) Verarbeitung personenbezogener Daten zur Wahrung lebenswichtiger Interessen der betroffenen Person oder einer anderen nat\u00fcrlichen Person.<\/li>\n<li>f) Verarbeitung personenbezogener Daten zur Wahrung der berechtigten Interessen von uns oder von Dritten, sofern nicht die Grundfreiheiten und Rechte und Interessen der betroffenen Person \u00fcberwiegen. Zu den berechtigten Interessen geh\u00f6ren insbesondere unser gesch\u00e4ftliches Interesse, unsere Website bereitstellen zu k\u00f6nnen, die Informationssicherheit, die Durchsetzung eigener Rechtsanspr\u00fcche und die Einhaltung des schweizerischen Rechts.<\/li>\n<\/ul>\n<p>Wir verarbeiten personenbezogene Daten f\u00fcr die Dauer, die f\u00fcr den jeweiligen Zweck oder die jeweiligen Zwecke erforderlich ist. Bei l\u00e4ngerfristigen Aufbewahrungspflichten aufgrund gesetzlicher und anderer Verpflichtungen, denen wir unterliegen, schr\u00e4nken wir die Bearbeitung entsprechend ein.<\/p>\n<p><strong>Cookies<\/strong><br \/>Diese Website verwendet Cookies. Dabei handelt es sich um kleine Textdateien, die es erm\u00f6glichen, spezifische, auf den Nutzer bezogene Informationen auf dem Endger\u00e4t des Nutzers zu speichern, w\u00e4hrend der Nutzer die Website nutzt. Cookies erm\u00f6glichen es insbesondere, die Nutzungsh\u00e4ufigkeit und die Anzahl der Nutzer der Seiten zu ermitteln, Verhaltensmuster der Seitennutzung zu analysieren, aber auch, unser Angebot kundenfreundlicher zu gestalten. Cookies bleiben \u00fcber das Ende einer Browser-Sitzung hinaus gespeichert und k\u00f6nnen bei einem erneuten Besuch der Seite wieder abgerufen werden. Wenn Sie dies nicht w\u00fcnschen, sollten Sie Ihren Internet-Browser so einstellen, dass er die Annahme von Cookies verweigert.<\/p>\n<p>Ein genereller Widerspruch gegen die Verwendung von Cookies zu Online-Marketing-Zwecken kann f\u00fcr eine Vielzahl der Dienste, insbesondere beim Tracking, \u00fcber die US-Seite <a href=\"http:\/\/www.aboutads.info\/choices\/\" target=\"_blank\" rel=\"noopener\">http:\/\/www.aboutads.info\/choices\/<\/a> oder die EU-Seite <a href=\"http:\/\/www.youronlinechoices.com\/\" target=\"_blank\" rel=\"noopener\">http:\/\/www.youronlinechoices.com\/<\/a> erkl\u00e4rt werden. Dar\u00fcber hinaus kann die Speicherung von Cookies durch Deaktivierung in den Browsereinstellungen erreicht werden. Bitte beachten Sie, dass in diesem Fall nicht alle Funktionen dieses Online-Angebots genutzt werden k\u00f6nnen.<\/p>\n<p><strong>Mit SSL\/TLS-Verschl\u00fcsselung<\/strong><br \/>Diese Website verwendet aus Sicherheitsgr\u00fcnden und zum Schutz der \u00dcbertragung vertraulicher Inhalte, wie z.B. Anfragen, die Sie an uns als Seitenbetreiber senden, eine SSL\/TLS-Verschl\u00fcsselung. Eine verschl\u00fcsselte Verbindung erkennen Sie daran, dass die Adresszeile des Browsers von &#8222;http:\/\/&#8220; auf &#8222;https:\/\/&#8220; wechselt und an dem Schloss-Symbol in Ihrer Browserzeile.<\/p>\n<p>Wenn die SSL- oder TLS-Verschl\u00fcsselung aktiviert ist, k\u00f6nnen die Daten, die Sie an uns \u00fcbermitteln, nicht von Dritten gelesen werden.<\/p>\n<p><strong>Ohne SSL\/TLS-Verschl\u00fcsselung<\/strong><br \/>Bitte beachten Sie, dass Daten, die \u00fcber ein offenes Netz wie das Internet oder einen E-Mail-Dienst ohne SSL-Verschl\u00fcsselung \u00fcbertragen werden, von jedermann eingesehen werden k\u00f6nnen. Eine unverschl\u00fcsselte Verbindung erkennen Sie daran, dass in der Adresszeile des Browsers &#8222;http:\/\/&#8220; steht und kein Schloss-Symbol in Ihrer Browserzeile angezeigt wird. \u00dcber das Internet \u00fcbertragene Informationen und online empfangene Inhalte k\u00f6nnen \u00fcber Netze Dritter \u00fcbertragen werden. Wir k\u00f6nnen die Vertraulichkeit von Kommunikationen oder Materialien, die \u00fcber solche offenen Netzwerke oder Netzwerke Dritter \u00fcbertragen werden, nicht garantieren. Wenn Sie personenbezogene Daten \u00fcber ein offenes Netzwerk oder Netzwerke Dritter offenlegen, sollten Sie sich dar\u00fcber im Klaren sein, dass Ihre Daten verloren gehen oder m\u00f6glicherweise von Dritten eingesehen werden k\u00f6nnen, und dass die Daten infolgedessen ohne Ihre Zustimmung gesammelt und verwendet werden k\u00f6nnen. Zwar werden in vielen F\u00e4llen die einzelnen Datenpakete verschl\u00fcsselt \u00fcbertragen, nicht aber die Namen von Absender und Empf\u00e4nger. Selbst wenn sich Absender und Empf\u00e4nger im gleichen Land befinden, erfolgt der Datentransfer \u00fcber solche Netze oft unkontrolliert auch \u00fcber Drittstaaten, d.h. auch \u00fcber L\u00e4nder, die nicht das gleiche Datenschutzniveau bieten wie Ihr Domizilland. Wir \u00fcbernehmen keine Verantwortung f\u00fcr die Sicherheit Ihrer Daten bei der \u00dcbermittlung \u00fcber das Internet und lehnen jede Haftung f\u00fcr direkte oder indirekte Sch\u00e4den ab. Wir bitten Sie, andere Kommunikationswege zu nutzen, wenn Sie dies aus Sicherheitsgr\u00fcnden f\u00fcr notwendig oder sinnvoll erachten.<\/p>\n<p>Trotz umfangreicher technischer und organisatorischer Sicherheitsvorkehrungen ist es m\u00f6glich, dass Daten verloren gehen oder von Unbefugten abgefangen und\/oder manipuliert werden k\u00f6nnen. Soweit m\u00f6glich, treffen wir geeignete technische und organisatorische Sicherheitsmassnahmen, um dies innerhalb unseres Systems zu verhindern. Ihr Computer befindet sich jedoch ausserhalb des Sicherheitsbereiches, den wir kontrollieren. Es liegt in Ihrer Verantwortung als Nutzer, sich \u00fcber die notwendigen Sicherheitsvorkehrungen zu informieren und entsprechende Massnahmen zu ergreifen. Als Betreiber der Website haften wir in keiner Weise f\u00fcr Sch\u00e4den, die Ihnen durch Datenverlust oder Manipulationen entstehen.<\/p>\n<p>Daten, die Sie in Online-Formularen eingeben, k\u00f6nnen zum Zwecke der Auftragsabwicklung an berechtigte Dritte weitergegeben und von diesen eingesehen und gegebenenfalls verarbeitet werden.<\/p>\n<p><strong>Kontaktformular<\/strong><br \/>Wenn Sie uns per Kontaktformular Anfragen zukommen lassen, werden Ihre Angaben aus dem Anfrageformular inklusive der von Ihnen dort angegebenen Kontaktdaten zwecks Bearbeitung der Anfrage und f\u00fcr den Fall von Anschlussfragen bei uns gespeichert. Diese Daten geben wir nicht ohne Ihre Einwilligung weiter.<\/p>\n<p><strong>Google Maps<\/strong><br \/>Diese Website nutzt das Angebot von Google Maps. Dies erm\u00f6glicht es uns, interaktive Karten direkt auf der Website darzustellen und Ihnen die komfortable Nutzung der Kartenfunktion zu erm\u00f6glichen. Durch den Besuch der Website erh\u00e4lt Google die Information, dass Sie die entsprechende Unterseite unserer Website aufgerufen haben. Dies geschieht unabh\u00e4ngig davon, ob Google ein Nutzerkonto bereitstellt, \u00fcber das Sie eingeloggt sind, oder ob kein Nutzerkonto vorhanden ist. Wenn Sie bei Google eingeloggt sind, werden Ihre Daten direkt Ihrem Konto zugeordnet. Wenn Sie die Zuordnung zu Ihrem Profil bei Google nicht w\u00fcnschen, m\u00fcssen Sie sich vor Aktivierung der Schaltfl\u00e4che ausloggen. Google speichert Ihre Daten als Nutzungsprofile und nutzt sie f\u00fcr Zwecke der Werbung, Marktforschung und\/oder bedarfsgerechten Gestaltung seiner Website. Eine solche Auswertung erfolgt insbesondere (auch f\u00fcr nicht eingeloggte Nutzer) zur Erbringung bedarfsgerechter Werbung und um andere Nutzer des sozialen Netzwerks \u00fcber Ihre Aktivit\u00e4ten auf unserer Website zu informieren. Sie haben das Recht, der Erstellung dieser Nutzerprofile zu widersprechen, wobei Sie sich zur Aus\u00fcbung dieses Rechts an Google wenden m\u00fcssen. N\u00e4here Informationen zu Zweck und Umfang der Datenerhebung und -verarbeitung durch Google sowie weitere Informationen zu Ihren diesbez\u00fcglichen Rechten und Einstellungsm\u00f6glichkeiten zum Schutz Ihrer Privatsph\u00e4re finden Sie unter: www.google.de\/intl\/de\/policies\/privacy.<\/p>\n<p><strong>Google reCAPTCHA<\/strong><br \/>Diese Website verwendet den reCAPTCHA-Dienst von Google Ireland Limited (Gordon House, Barrow Street Dublin 4, Irland &#8222;Google&#8220;). Die Abfrage dient dazu, zu unterscheiden, ob die Eingabe durch einen Menschen oder durch eine automatisierte, maschinelle Verarbeitung erfolgt. Die Abfrage beinhaltet die \u00dcbermittlung der IP-Adresse und ggf. weiterer von Google f\u00fcr den reCAPTCHA-Dienst ben\u00f6tigter Daten an Google. Zu diesem Zweck wird Ihre Eingabe an Google \u00fcbermittelt und dort weiterverwendet. Ihre IP-Adresse wird von Google jedoch innerhalb von Mitgliedstaaten der Europ\u00e4ischen Union oder in anderen Vertragsstaaten des Abkommens \u00fcber den Europ\u00e4ischen Wirtschaftsraum zuvor gek\u00fcrzt. Nur in Ausnahmef\u00e4llen wird die volle IP-Adresse an einen Server von Google in den USA \u00fcbertragen und dort gek\u00fcrzt. Im Auftrag des Betreibers dieser Website wird Google diese Informationen benutzen, um Ihre Nutzung dieses Dienstes auszuwerten. Die im Rahmen von reCaptcha von Ihrem Browser \u00fcbermittelte IP-Adresse wird nicht mit anderen Daten von Google zusammengef\u00fchrt. Ihre Daten k\u00f6nnen dabei auch in die USA \u00fcbertragen werden. F\u00fcr Daten\u00fcbermittlungen in die USA gibt es einen Angemessenheitsbeschluss der Europ\u00e4ischen Kommission, das &#8222;Privacy Shield&#8220;. Google nimmt an dem &#8222;Privacy Shield&#8220; teil und hat sich den Anforderungen unterworfen. Durch Bet\u00e4tigen der Abfrage stimmen Sie der Verarbeitung Ihrer Daten zu. Die Verarbeitung erfolgt auf Grundlage von Art. 6 (1) lit. a DSGVO mit Ihrer Einwilligung. Sie k\u00f6nnen Ihre Einwilligung jederzeit widerrufen, ohne dass die Rechtm\u00e4ssigkeit der aufgrund der Einwilligung bis zum Widerruf erfolgten Verarbeitung ber\u00fchrt wird.<br \/>Weitere Informationen zu Google reCAPTCHA und den dazugeh\u00f6rigen Datenschutzbestimmungen finden Sie unter: <a href=\"https:\/\/policies.google.com\/privacy?hl=de\" target=\"_blank\" rel=\"noopener\">https:\/\/policies.google.com\/privacy?hl=de<\/a><br \/><strong>Facebook<\/strong><br \/>Diese Website nutzt Funktionen der Facebook Inc, 1601 S. California Ave, Palo Alto, CA 94304, USA . Wenn Sie unsere Seiten mit Facebook-Plugins aufrufen, wird eine Verbindung zwischen Ihrem Browser und den Facebook-Servern hergestellt. Dabei werden bereits Daten an Facebook \u00fcbermittelt. Wenn Sie ein Facebook-Konto besitzen, k\u00f6nnen diese Daten mit diesem verkn\u00fcpft werden. Wenn Sie nicht m\u00f6chten, dass diese Daten mit Ihrem Facebook-Konto verkn\u00fcpft werden, loggen Sie sich bitte vor dem Besuch unserer Seite bei Facebook aus. Interaktionen, insbesondere die Nutzung einer Kommentarfunktion oder das Anklicken eines &#8222;Gef\u00e4llt mir&#8220;- oder &#8222;Teilen&#8220;-Buttons, werden ebenfalls an Facebook weitergeleitet. Mehr dazu erfahren Sie unter <a href=\"https:\/\/de-de.facebook.com\/about\/privacy.\" target=\"_blank\" rel=\"noopener\">https:\/\/de-de.facebook.com\/about\/privacy.<\/a><br \/><strong>YouTube<\/strong><br \/>Auf dieser Website sind Funktionen des Dienstes &#8222;YouTube&#8220; integriert. &#8222;YouTube&#8220; ist Eigentum von Google Ireland Limited, einem nach irischem Recht gegr\u00fcndeten und betriebenen Unternehmen mit Sitz in Gordon House, Barrow Street, Dublin 4, Irland, das die Dienste im Europ\u00e4ischen Wirtschaftsraum und in der Schweiz betreibt.<br \/>Ihre rechtliche Vereinbarung mit &#8222;YouTube&#8220; besteht aus den Bedingungen, die Sie unter dem folgenden Link finden: <a href=\"https:\/\/www.youtube.com\/static?gl=de&amp;template=terms&amp;hl=de\" target=\"_blank\" rel=\"noopener\">https:\/\/www.youtube.com\/static?gl=de&amp;template=terms&amp;hl=de<\/a>. Diese Bedingungen stellen eine rechtsverbindliche Vereinbarung zwischen Ihnen und &#8222;YouTube&#8220; bez\u00fcglich Ihrer Nutzung der Dienste dar. In den Datenschutzbestimmungen von Google wird erl\u00e4utert, wie &#8222;YouTube&#8220; Ihre pers\u00f6nlichen Daten behandelt und sch\u00fctzt, wenn Sie den Dienst nutzen.<\/p>\n<p><strong>Haftungsausschluss<\/strong><br \/>Der Autor \u00fcbernimmt keine Gew\u00e4hr f\u00fcr die Richtigkeit, Genauigkeit, Aktualit\u00e4t, Zuverl\u00e4ssigkeit und Vollst\u00e4ndigkeit der Informationen.<br \/>Haftungsanspr\u00fcche gegen den Autor wegen Sch\u00e4den materieller oder immaterieller Art, die aus dem Zugriff oder der Nutzung bzw. Nichtnutzung der ver\u00f6ffentlichten Informationen, durch Missbrauch der Verbindung oder durch technische St\u00f6rungen entstanden sind, werden ausgeschlossen.<\/p>\n<p>Alle Angebote sind freibleibend. Der Autor beh\u00e4lt es sich ausdr\u00fccklich vor, Teile der Seiten oder das gesamte Angebot ohne gesonderte Ank\u00fcndigung zu ver\u00e4ndern, zu erg\u00e4nzen, zu l\u00f6schen oder die Ver\u00f6ffentlichung zeitweise oder endg\u00fcltig einzustellen.<\/p>\n<p><strong>Quelle<\/strong>: <a href=\"https:\/\/brainbox.swiss\/\">BrainBox Solutions<\/a><\/p>\n","protected":false},"excerpt":{"rendered":"<p>Datenschutzerkl\u00e4rung BM&amp;MB-Logistik GmbHAvenue des Ch\u00eanes 951906 CharratSchweizE-Mail: info@bm-logistik.ch Vertretungsberechtigte PersonenMario Bermeitinger + Marga Bermeitinger Name des Unternehmens: BM&amp;MB-Logistik GmbH Datenschutzbeauftragte Person:Mario Bermeitinger027 746 5166bermeitinger.mario@bm-logistik.ch Allgemeines \/ EinleitungGest\u00fctzt auf Artikel 13 der Schweizerischen Bundesverfassung und die datenschutzrechtlichen Bestimmungen des Bundes (Datenschutzgesetz, DSG) hat jede Person Anspruch auf Schutz ihrer Privatsph\u00e4re sowie auf Schutz vor Missbrauch ihrer&#8230;<\/p>\n","protected":false},"author":1,"featured_media":0,"parent":0,"menu_order":0,"comment_status":"closed","ping_status":"open","template":"","meta":{"footnotes":""},"class_list":["post-535","page","type-page","status-publish","hentry"],"_links":{"self":[{"href":"https:\/\/www.bm-logistik.ch\/index.php?rest_route=\/wp\/v2\/pages\/535","targetHints":{"allow":["GET"]}}],"collection":[{"href":"https:\/\/www.bm-logistik.ch\/index.php?rest_route=\/wp\/v2\/pages"}],"about":[{"href":"https:\/\/www.bm-logistik.ch\/index.php?rest_route=\/wp\/v2\/types\/page"}],"author":[{"embeddable":true,"href":"https:\/\/www.bm-logistik.ch\/index.php?rest_route=\/wp\/v2\/users\/1"}],"replies":[{"embeddable":true,"href":"https:\/\/www.bm-logistik.ch\/index.php?rest_route=%2Fwp%2Fv2%2Fcomments&post=535"}],"version-history":[{"count":1,"href":"https:\/\/www.bm-logistik.ch\/index.php?rest_route=\/wp\/v2\/pages\/535\/revisions"}],"predecessor-version":[{"id":536,"href":"https:\/\/www.bm-logistik.ch\/index.php?rest_route=\/wp\/v2\/pages\/535\/revisions\/536"}],"wp:attachment":[{"href":"https:\/\/www.bm-logistik.ch\/index.php?rest_route=%2Fwp%2Fv2%2Fmedia&parent=535"}],"curies":[{"name":"wp","href":"https:\/\/api.w.org\/{rel}","templated":true}]}}