{"id":477,"date":"2023-07-02T14:30:40","date_gmt":"2023-07-02T12:30:40","guid":{"rendered":"https:\/\/localhost\/wp-bm-logistik824\/?page_id=477"},"modified":"2023-08-19T14:44:36","modified_gmt":"2023-08-19T12:44:36","slug":"fahrzeuge","status":"publish","type":"page","link":"https:\/\/www.bm-logistik.ch\/?page_id=477","title":{"rendered":"Fahrzeuge"},"content":{"rendered":"<section class=\"l-section wpb_row us_custom_04e7aa0a height_medium\"><div class=\"l-section-h i-cf\"><div class=\"g-cols vc_row via_grid cols_1 laptops-cols_inherit tablets-cols_inherit mobiles-cols_1 valign_top type_default stacking_default\"><div class=\"wpb_column vc_column_container\"><div class=\"vc_column-inner\"><h3 class=\"w-post-elm post_title us_custom_9e1ac9dc entry-title color_link_inherit\">Fahrzeuge<\/h3><\/div><\/div><\/div><\/div><\/section><section class=\"l-section wpb_row height_medium\"><div class=\"l-section-h i-cf\"><div class=\"g-cols vc_row via_grid cols_3 laptops-cols_inherit tablets-cols_inherit mobiles-cols_1 valign_top type_default stacking_default\"><div class=\"wpb_column vc_column_container\"><div class=\"vc_column-inner\"><div class=\"wpb_text_column\"><div class=\"wpb_wrapper\"><div class=\"sc-pZdvY cBuwhn pf-958a21b3-364a67d3\" data-container=\"true\" data-pf-type=\"Section\">\n<div class=\"sc-pRgDJ fzXWJx\">\n<div class=\"sc-qQxFs jdLQbH pf-958a21b3-eb1b364a pf-r pf-r-eh\" data-pf-type=\"Row\">\n<div class=\"sc-pbJYR gsdIuB pf-c pf-c-xs--12 pf-c-sm--12 pf-c-md--12 pf-c-lg--12\">\n<div class=\"sc-pkfPC iDckyw pf-958a21b3-89beeb1b\" data-pf-type=\"Column\">\n<div class=\"sc-pQfvp hBInHv pf-958a21b3-cf3689be\" data-pf-type=\"CustomHTML\">\n<div class=\"sc-pbJYR gsdIuB pf-c pf-c-xs--12 pf-c-sm--6 pf-c-md--6 pf-c-lg--6\">\n<div class=\"sc-pkfPC iDckyw pf-711a5da0-98352fef\" data-pf-type=\"Column\">\n<h5 class=\"sc-pjTqr kqDkLo pf-711a5da0-313765b4\" data-pf-type=\"Heading\"><span class=\"sc-qPwwY aevsi pf-711a5da0-08313137\" data-pf-type=\"Text\">Lieferwagen<\/span><\/h5>\n<div class=\"sc-pQfvp hBInHv pf-711a5da0-5a702607\" data-pf-type=\"CustomHTML\">\n<ul>\n<li>Mercedes-Benz Sprinter 316 CDI<\/li>\n<li>Bis 3,5 Tonnen<\/li>\n<li>Hebeb\u00fchne<\/li>\n<li>Planenfahrzeug mit Schiebeverdeck<\/li>\n<li>Gefahrgutausr\u00fcstung SDR\/ADR<\/li>\n<\/ul>\n<\/div>\n<\/div>\n<\/div>\n<\/div>\n<\/div>\n<\/div>\n<\/div>\n<\/div>\n<\/div>\n<\/div><\/div><\/div><\/div><div class=\"wpb_column vc_column_container\"><div class=\"vc_column-inner\"><div class=\"w-image align_none\"><div target=\"_blank\" class=\"w-image-h\"><img decoding=\"async\" width=\"400\" height=\"300\" src=\"https:\/\/www.bm-logistik.ch\/wp-content\/uploads\/2023\/07\/p1040148_b400.jpg\" class=\"attachment-large size-large\" alt=\"\" loading=\"lazy\" \/><\/div><\/div><\/div><\/div><div class=\"wpb_column vc_column_container\"><div class=\"vc_column-inner\"><\/div><\/div><\/div><\/div><\/section><section class=\"l-section wpb_row height_medium\"><div class=\"l-section-h i-cf\"><div class=\"g-cols vc_row via_grid cols_3 laptops-cols_inherit tablets-cols_inherit mobiles-cols_1 valign_top type_default stacking_default\"><div class=\"wpb_column vc_column_container\"><div class=\"vc_column-inner\"><div class=\"wpb_text_column\"><div class=\"wpb_wrapper\"><div class=\"sc-pbJYR gsdIuB pf-c pf-c-xs--12 pf-c-sm--6 pf-c-md--6 pf-c-lg--6\">\n<div class=\"sc-pkfPC iDckyw pf-711a5da0-da214d9e\" data-pf-type=\"Column\">\n<h5 class=\"sc-pjTqr kqDkLo pf-711a5da0-36644f21\" data-pf-type=\"Heading\"><span class=\"sc-qPwwY aevsi pf-711a5da0-18a0805e\" data-pf-type=\"Text\">Minisattel<\/span><\/h5>\n<div class=\"sc-pQfvp hBInHv pf-711a5da0-805e96a2\" data-pf-type=\"CustomHTML\">\n<ul>\n<li>Mercedes-Benz 519 cdi<\/li>\n<li>Gesamtgewicht 5 Tonnen<\/li>\n<\/ul>\n<\/div>\n<\/div>\n<\/div>\n<\/div><\/div><\/div><\/div><div class=\"wpb_column vc_column_container\"><div class=\"vc_column-inner\"><div class=\"w-image align_none\"><div class=\"w-image-h\"><img decoding=\"async\" width=\"400\" height=\"299\" src=\"https:\/\/www.bm-logistik.ch\/wp-content\/uploads\/2023\/07\/flkw08_b400.jpg\" class=\"attachment-large size-large\" alt=\"\" loading=\"lazy\" \/><\/div><\/div><\/div><\/div><div class=\"wpb_column vc_column_container\"><div class=\"vc_column-inner\"><\/div><\/div><\/div><\/div><\/section><section class=\"l-section wpb_row height_medium\"><div class=\"l-section-h i-cf\"><div class=\"g-cols vc_row via_grid cols_3 laptops-cols_inherit tablets-cols_inherit mobiles-cols_1 valign_top type_default stacking_default\"><div class=\"wpb_column vc_column_container\"><div class=\"vc_column-inner\"><div class=\"wpb_text_column\"><div class=\"wpb_wrapper\"><div class=\"sc-pbJYR gsdIuB pf-c pf-c-xs--12 pf-c-sm--6 pf-c-md--6 pf-c-lg--6\">\n<div class=\"sc-pkfPC iDckyw pf-711a5da0-517ad6fd\" data-pf-type=\"Column\">\n<h5 class=\"sc-pjTqr kqDkLo pf-711a5da0-dd9566c2\" data-pf-type=\"Heading\"><span class=\"sc-qPwwY aevsi pf-711a5da0-3f00c8d0\" data-pf-type=\"Text\">Anh\u00e4nger- und Sattelz\u00fcge<\/span><\/h5>\n<div class=\"sc-pQfvp hBInHv pf-711a5da0-c8d04b97\" data-pf-type=\"CustomHTML\">\n<ul>\n<li>auf Anfrage m\u00f6glich (durch Zusammenarbeit mit Partnern)<\/li>\n<li>Bis 40 Tonnen<\/li>\n<li>Hebeb\u00fchne<\/li>\n<li>Planenfahrzeug mit Schiebeverdeck<\/li>\n<li>Gefahrgutausr\u00fcstung SDR\/ADR<\/li>\n<li>K\u00fchltransporte<\/li>\n<\/ul>\n<\/div>\n<\/div>\n<\/div>\n<\/div><\/div><\/div><\/div><div class=\"wpb_column vc_column_container\"><div class=\"vc_column-inner\"><div class=\"w-image align_none\"><div class=\"w-image-h\"><img decoding=\"async\" width=\"1024\" height=\"768\" src=\"https:\/\/www.bm-logistik.ch\/wp-content\/uploads\/2023\/07\/IMG_3453.jpg\" class=\"attachment-large size-large\" alt=\"\" loading=\"lazy\" \/><\/div><\/div><\/div><\/div><div class=\"wpb_column vc_column_container\"><div class=\"vc_column-inner\"><\/div><\/div><\/div><\/div><\/section>\n","protected":false},"excerpt":{"rendered":"Fahrzeuge Lieferwagen Mercedes-Benz Sprinter 316 CDI Bis 3,5 Tonnen Hebeb\u00fchne Planenfahrzeug mit Schiebeverdeck Gefahrgutausr\u00fcstung SDR\/ADR Minisattel Mercedes-Benz 519 cdi Gesamtgewicht 5 Tonnen Anh\u00e4nger- und Sattelz\u00fcge auf Anfrage m\u00f6glich (durch Zusammenarbeit mit Partnern) Bis 40 Tonnen Hebeb\u00fchne Planenfahrzeug mit Schiebeverdeck Gefahrgutausr\u00fcstung SDR\/ADR K\u00fchltransporte","protected":false},"author":1,"featured_media":0,"parent":0,"menu_order":0,"comment_status":"closed","ping_status":"closed","template":"","meta":{"footnotes":""},"class_list":["post-477","page","type-page","status-publish","hentry"],"_links":{"self":[{"href":"https:\/\/www.bm-logistik.ch\/index.php?rest_route=\/wp\/v2\/pages\/477","targetHints":{"allow":["GET"]}}],"collection":[{"href":"https:\/\/www.bm-logistik.ch\/index.php?rest_route=\/wp\/v2\/pages"}],"about":[{"href":"https:\/\/www.bm-logistik.ch\/index.php?rest_route=\/wp\/v2\/types\/page"}],"author":[{"embeddable":true,"href":"https:\/\/www.bm-logistik.ch\/index.php?rest_route=\/wp\/v2\/users\/1"}],"replies":[{"embeddable":true,"href":"https:\/\/www.bm-logistik.ch\/index.php?rest_route=%2Fwp%2Fv2%2Fcomments&post=477"}],"version-history":[{"count":8,"href":"https:\/\/www.bm-logistik.ch\/index.php?rest_route=\/wp\/v2\/pages\/477\/revisions"}],"predecessor-version":[{"id":486,"href":"https:\/\/www.bm-logistik.ch\/index.php?rest_route=\/wp\/v2\/pages\/477\/revisions\/486"}],"wp:attachment":[{"href":"https:\/\/www.bm-logistik.ch\/index.php?rest_route=%2Fwp%2Fv2%2Fmedia&parent=477"}],"curies":[{"name":"wp","href":"https:\/\/api.w.org\/{rel}","templated":true}]}}