{"id":446,"date":"2023-07-02T13:26:08","date_gmt":"2023-07-02T11:26:08","guid":{"rendered":"https:\/\/localhost\/wp-bm-logistik824\/?page_id=446"},"modified":"2023-08-19T14:42:02","modified_gmt":"2023-08-19T12:42:02","slug":"lager-und-logistikzentrum","status":"publish","type":"page","link":"https:\/\/www.bm-logistik.ch\/?page_id=446","title":{"rendered":"Lager- und Logistikzentrum"},"content":{"rendered":"<section class=\"l-section wpb_row us_custom_04e7aa0a height_medium\"><div class=\"l-section-h i-cf\"><div class=\"g-cols vc_row via_grid cols_1 laptops-cols_inherit tablets-cols_inherit mobiles-cols_1 valign_top type_default stacking_default\"><div class=\"wpb_column vc_column_container\"><div class=\"vc_column-inner\"><h3 class=\"w-post-elm post_title entry-title color_link_inherit\">Lager- und Logistikzentrum<\/h3><\/div><\/div><\/div><\/div><\/section><section class=\"l-section wpb_row height_medium\"><div class=\"l-section-h i-cf\"><div class=\"g-cols vc_row via_grid cols_2 laptops-cols_inherit tablets-cols_inherit mobiles-cols_1 valign_top type_default stacking_default\"><div class=\"wpb_column vc_column_container\"><div class=\"vc_column-inner\"><div class=\"wpb_text_column\"><div class=\"wpb_wrapper\"><div class=\"sc-pZdvY cBuwhn pf-958a21b3-364a67d3\" data-container=\"true\" data-pf-type=\"Section\">\n<div class=\"sc-pRgDJ fzXWJx\">\n<div class=\"sc-qQxFs jdLQbH pf-958a21b3-eb1b364a pf-r pf-r-eh\" data-pf-type=\"Row\">\n<div class=\"sc-pbJYR gsdIuB pf-c pf-c-xs--12 pf-c-sm--12 pf-c-md--12 pf-c-lg--12\">\n<div class=\"sc-pkfPC iDckyw pf-958a21b3-89beeb1b\" data-pf-type=\"Column\">\n<div class=\"sc-pQfvp hBInHv pf-958a21b3-cf3689be\" data-pf-type=\"CustomHTML\">\n<p>Am 22.07.2016 haben die Bauarbeiten f\u00fcr das neue Logistikzentrum der BM&amp;MB-Logistik GmbH begonnen.<\/p>\n<p>Dies ist ein Meilenstein in der noch nicht einmal 5 J\u00e4hrigen Firmengeschichte der BM&amp;MB-Logistik GmbH.<\/p>\n<p>Die Gesch\u00e4ftsf\u00fchrer Marga und Mario Bermeitinger investieren in ein Logistikzentrum welches \u00fcber 1000m2 Lager und Logistikfl\u00e4che verf\u00fcgt. Im Logistikzentrum angegliedert sind zwei weitere Hallen mit jeweils 175m2 die vermietet werden. Zuk\u00fcnftig besteht zudem die M\u00f6glichkeit das Logistikzentrum mit einem Hallenmodul mit der Gr\u00f6sse von 400m2 zu erweitern.<\/p>\n<p>Das Logistikzentrum befindet sich in der Gemeinde Charrat bei Martigny, 5 Minuten von der Autobahn entfernt. Der Standort eignet sich auf Grund der zentralen Lage ideal f\u00fcr die Transport- und Logistikt\u00e4tigkeiten des Unternehmens in den Kantonen Wallis und Waadt.<\/p>\n<p>Auch f\u00fcr die Im- und Exporte ist der Standort auf Grund der Grenzn\u00e4he bestens geeignet.<\/p>\n<p>Die Fertigstellung und Er\u00f6ffnung des neuen Standorts war im Fr\u00fchjahr 2017.<\/p>\n<p>&nbsp;<\/p>\n<\/div>\n<\/div>\n<\/div>\n<\/div>\n<\/div>\n<\/div>\n<\/div><\/div><\/div><\/div><div class=\"wpb_column vc_column_container us_custom_72fc42ef\"><div class=\"vc_column-inner\"><div class=\"w-image align_none\"><div target=\"_blank\" class=\"w-image-h\"><img decoding=\"async\" width=\"800\" height=\"364\" src=\"https:\/\/www.bm-logistik.ch\/wp-content\/uploads\/2023\/07\/Bermeitinger_EN_Plans_b800.jpg\" class=\"attachment-large size-large\" alt=\"\" loading=\"lazy\" \/><\/div><\/div><div class=\"wpb_text_column us_custom_cfada43f has_text_color\"><div class=\"wpb_wrapper\"><p>Bild anklicken!<\/p>\n<\/div><\/div><\/div><\/div><\/div><\/div><\/section>\n","protected":false},"excerpt":{"rendered":"Lager- und Logistikzentrum Am 22.07.2016 haben die Bauarbeiten f\u00fcr das neue Logistikzentrum der BM&amp;MB-Logistik GmbH begonnen. Dies ist ein Meilenstein in der noch nicht einmal 5 J\u00e4hrigen Firmengeschichte der BM&amp;MB-Logistik GmbH. Die Gesch\u00e4ftsf\u00fchrer Marga und Mario Bermeitinger investieren in ein Logistikzentrum welches \u00fcber 1000m2 Lager und Logistikfl\u00e4che verf\u00fcgt. Im Logistikzentrum angegliedert sind zwei weitere Hallen...","protected":false},"author":1,"featured_media":0,"parent":0,"menu_order":0,"comment_status":"closed","ping_status":"closed","template":"","meta":{"footnotes":""},"class_list":["post-446","page","type-page","status-publish","hentry"],"_links":{"self":[{"href":"https:\/\/www.bm-logistik.ch\/index.php?rest_route=\/wp\/v2\/pages\/446","targetHints":{"allow":["GET"]}}],"collection":[{"href":"https:\/\/www.bm-logistik.ch\/index.php?rest_route=\/wp\/v2\/pages"}],"about":[{"href":"https:\/\/www.bm-logistik.ch\/index.php?rest_route=\/wp\/v2\/types\/page"}],"author":[{"embeddable":true,"href":"https:\/\/www.bm-logistik.ch\/index.php?rest_route=\/wp\/v2\/users\/1"}],"replies":[{"embeddable":true,"href":"https:\/\/www.bm-logistik.ch\/index.php?rest_route=%2Fwp%2Fv2%2Fcomments&post=446"}],"version-history":[{"count":11,"href":"https:\/\/www.bm-logistik.ch\/index.php?rest_route=\/wp\/v2\/pages\/446\/revisions"}],"predecessor-version":[{"id":473,"href":"https:\/\/www.bm-logistik.ch\/index.php?rest_route=\/wp\/v2\/pages\/446\/revisions\/473"}],"wp:attachment":[{"href":"https:\/\/www.bm-logistik.ch\/index.php?rest_route=%2Fwp%2Fv2%2Fmedia&parent=446"}],"curies":[{"name":"wp","href":"https:\/\/api.w.org\/{rel}","templated":true}]}}