{"id":147,"date":"2023-04-15T17:40:33","date_gmt":"2023-04-15T15:40:33","guid":{"rendered":"https:\/\/localhost\/wp-bm-logistik824\/?page_id=147"},"modified":"2023-04-16T11:52:06","modified_gmt":"2023-04-16T09:52:06","slug":"team-notre-equipe","status":"publish","type":"page","link":"https:\/\/www.bm-logistik.ch\/?page_id=147","title":{"rendered":"Team \/ Notre \u00e9quipe"},"content":{"rendered":"<section class=\"l-section wpb_row us_custom_04e7aa0a height_medium\"><div class=\"l-section-h i-cf\"><div class=\"g-cols vc_row via_grid cols_1 laptops-cols_inherit tablets-cols_inherit mobiles-cols_1 valign_top type_default stacking_default\"><div class=\"wpb_column vc_column_container\"><div class=\"vc_column-inner\"><h3 class=\"w-post-elm post_title entry-title color_link_inherit\">Team \/ Notre \u00e9quipe<\/h3><\/div><\/div><\/div><\/div><\/section><section class=\"l-section wpb_row height_medium\"><div class=\"l-section-h i-cf\"><div class=\"g-cols vc_row via_grid cols_2 laptops-cols_inherit tablets-cols_inherit mobiles-cols_1 valign_top type_default stacking_default\"><div class=\"wpb_column vc_column_container\"><div class=\"vc_column-inner\"><div class=\"g-cols wpb_row via_grid cols_1 laptops-cols_inherit tablets-cols_inherit mobiles-cols_1 valign_top type_default stacking_default\" style=\"--columns-gap:3rem;\"><div class=\"wpb_column vc_column_container\"><div class=\"vc_column-inner\"><div class=\"w-image align_none\"><div class=\"w-image-h\"><img decoding=\"async\" width=\"350\" height=\"262\" src=\"https:\/\/www.bm-logistik.ch\/wp-content\/uploads\/2023\/04\/mario_b350.jpg\" class=\"attachment-large size-large\" alt=\"\" loading=\"lazy\" \/><\/div><\/div><\/div><\/div><\/div><div class=\"wpb_text_column\"><div class=\"wpb_wrapper\"><h3 class=\"sc-pjTqr kqDkLo pf-537dd1e0-6b58cf5d\" data-pf-type=\"Heading\"><span class=\"sc-qPwwY aevsi pf-537dd1e0-4aa14342\" data-pf-type=\"Text\">Mario Bermeitinger<\/span><\/h3>\n<h4 class=\"sc-pjTqr kqDkLo pf-537dd1e0-cf5d9690\" data-pf-type=\"Heading\"><span class=\"sc-qPwwY aevsi pf-537dd1e0-3e303d2f\" data-pf-type=\"Text\">Gesch\u00e4ftsf\u00fchrer \/ directeur g\u00e9n\u00e9ral <\/span><\/h4>\n<div class=\"sc-pQfvp hBInHv pf-537dd1e0-60318277\" data-pf-type=\"CustomHTML\">\n<p>Tel.: \u00a0 \u00a0027 746 5166<br \/>\nFax: \u00a0 \u00a0027 746 5167<br \/>\nNatel: 078 920 5099<br \/>\n<span id=\"cloak7183e48fcb170aa2bc01a32fc9a49172\"><span id=\"cloaked09aaf339a12180558f22ee038c7ef8\"><a href=\"mailto:bermeitinger.mario@bm-logistik.ch\">bermeitinger.mario@bm-logistik.ch<\/a><\/span><\/span><\/p>\n<\/div>\n<\/div><\/div><\/div><\/div><div class=\"wpb_column vc_column_container\"><div class=\"vc_column-inner\"><div class=\"g-cols wpb_row via_grid cols_1 laptops-cols_inherit tablets-cols_inherit mobiles-cols_1 valign_top type_default stacking_default\" style=\"--columns-gap:3rem;\"><div class=\"wpb_column vc_column_container\"><div class=\"vc_column-inner\"><div class=\"w-image align_none\"><div class=\"w-image-h\"><img decoding=\"async\" width=\"350\" height=\"262\" src=\"https:\/\/www.bm-logistik.ch\/wp-content\/uploads\/2023\/04\/marga_b350.jpg\" class=\"attachment-large size-large\" alt=\"\" loading=\"lazy\" \/><\/div><\/div><\/div><\/div><\/div><div class=\"wpb_text_column\"><div class=\"wpb_wrapper\"><h3 class=\"sc-pjTqr kqDkLo pf-537dd1e0-a822de43\" data-pf-type=\"Heading\"><span class=\"sc-qPwwY aevsi pf-537dd1e0-808cb9d2\" data-pf-type=\"Text\">Marga Bermeitinger<\/span><\/h3>\n<h4 class=\"sc-pjTqr kqDkLo pf-537dd1e0-de439c1e\" data-pf-type=\"Heading\"><span class=\"sc-qPwwY aevsi pf-537dd1e0-93502b0c\" data-pf-type=\"Text\">Gesch\u00e4ftsf\u00fchrerin \/ directrice g\u00e9n\u00e9rale <\/span><\/h4>\n<div class=\"sc-pQfvp hBInHv pf-537dd1e0-27132f87\" data-pf-type=\"CustomHTML\">\n<p>Tel.: \u00a0 \u00a0027 746 5166<br \/>\nFax: \u00a0 \u00a0027 746 5167<br \/>\nNatel: 078 920 5099<br \/>\n<span id=\"cloakc0ab20c86b49d3afac6d2407db356e6d\"><\/span><span id=\"cloak2996a8a8b6e11c72cd920b71d8a550e4\"><a href=\"mailto:bermeitinger.marga@bm-logistik.ch\">bermeitinger.marga@bm-logistik.ch<\/a><\/span><\/p>\n<\/div>\n<\/div><\/div><\/div><\/div><\/div><\/div><\/section>\n","protected":false},"excerpt":{"rendered":"Team \/ Notre \u00e9quipeMario Bermeitinger Gesch\u00e4ftsf\u00fchrer \/ directeur g\u00e9n\u00e9ral Tel.: \u00a0 \u00a0027 746 5166 Fax: \u00a0 \u00a0027 746 5167 Natel: 078 920 5099 bermeitinger.mario@bm-logistik.ch Marga Bermeitinger Gesch\u00e4ftsf\u00fchrerin \/ directrice g\u00e9n\u00e9rale Tel.: \u00a0 \u00a0027 746 5166 Fax: \u00a0 \u00a0027 746 5167 Natel: 078 920 5099 bermeitinger.marga@bm-logistik.ch","protected":false},"author":1,"featured_media":0,"parent":0,"menu_order":0,"comment_status":"closed","ping_status":"closed","template":"","meta":{"footnotes":""},"class_list":["post-147","page","type-page","status-publish","hentry"],"_links":{"self":[{"href":"https:\/\/www.bm-logistik.ch\/index.php?rest_route=\/wp\/v2\/pages\/147","targetHints":{"allow":["GET"]}}],"collection":[{"href":"https:\/\/www.bm-logistik.ch\/index.php?rest_route=\/wp\/v2\/pages"}],"about":[{"href":"https:\/\/www.bm-logistik.ch\/index.php?rest_route=\/wp\/v2\/types\/page"}],"author":[{"embeddable":true,"href":"https:\/\/www.bm-logistik.ch\/index.php?rest_route=\/wp\/v2\/users\/1"}],"replies":[{"embeddable":true,"href":"https:\/\/www.bm-logistik.ch\/index.php?rest_route=%2Fwp%2Fv2%2Fcomments&post=147"}],"version-history":[{"count":8,"href":"https:\/\/www.bm-logistik.ch\/index.php?rest_route=\/wp\/v2\/pages\/147\/revisions"}],"predecessor-version":[{"id":199,"href":"https:\/\/www.bm-logistik.ch\/index.php?rest_route=\/wp\/v2\/pages\/147\/revisions\/199"}],"wp:attachment":[{"href":"https:\/\/www.bm-logistik.ch\/index.php?rest_route=%2Fwp%2Fv2%2Fmedia&parent=147"}],"curies":[{"name":"wp","href":"https:\/\/api.w.org\/{rel}","templated":true}]}}